{"id":1777,"date":"2019-07-30T11:58:17","date_gmt":"2019-07-30T09:58:17","guid":{"rendered":"https:\/\/www.sattlerei-oberhauser.it\/impressum\/"},"modified":"2019-12-03T15:44:03","modified_gmt":"2019-12-03T14:44:03","slug":"impressum","status":"publish","type":"page","link":"https:\/\/www.sattlerei-oberhauser.it\/it\/impressum\/","title":{"rendered":"<span>Imprint<\/span>"},"content":{"rendered":"<div class=\"fusion-fullwidth fullwidth-box fusion-builder-row-1 nonhundred-percent-fullwidth non-hundred-percent-height-scrolling\" style=\"--awb-border-radius-top-left:0px;--awb-border-radius-top-right:0px;--awb-border-radius-bottom-right:0px;--awb-border-radius-bottom-left:0px;--awb-flex-wrap:wrap;\" ><div class=\"fusion-builder-row fusion-row\"><div class=\"fusion-layout-column fusion_builder_column fusion-builder-column-0 fusion_builder_column_3_4 3_4 fusion-three-fourth fusion-column-first\" style=\"--awb-bg-size:cover;width:75%;width:calc(75% - ( ( 4% ) * 0.75 ) );margin-right: 4%;\"><div class=\"fusion-column-wrapper fusion-column-has-shadow fusion-flex-column-wrapper-legacy\"><div class=\"fusion-text fusion-text-1\"><h3>Auftraggeber und verantwortlich f\u00fcr alle Inhalte<\/h3>\n<p>Richard Oberhauser<br \/>\nSattlerei Oberhauser<br \/>\nNiederrasner Stra\u00dfe 44<br \/>\nI-39030 Niederrasen (BZ)<br \/>\nGesetzlicher Vertreter: Richard Oberhauser<br \/>\nE-Mail: <a href=\"mailto:richard.oberhauser@lvh.it\">richard.oberhauser@lvh.it<\/a><br \/>\nTel:<a href=\"tel:+390474496553\">+39 0474 496553<\/a><br \/>\nMwSt.-Nr. 01103980213<br \/>\nSteuer-Nr. BRHRHR62E23B220Z<\/p>\n<h3>Bildquelle, falls nicht anders angegeben:<\/h3>\n<p>Sattlerei Oberhauser<br \/>\n<a href=\"https:\/\/gunsoft.it\/\">gunSOFT<\/a><\/p>\n<h3>Konzept, Webdesign und Realiserung<\/h3>\n<p>gunSOFT<br \/>\nJulius Durst Strasse 44<br \/>\nI-39042 Brixen<br \/>\ntel: <a href=\"tel:+393480039975\">+39 348 0039975<\/a><br \/>\n<a href=\"mailto:info@gunsoft.it\">info@gunsoft.it<\/a><br \/>\n<a href=\"https:\/\/gunsoft.it\/\">www.gunsoft.it<\/a><\/p>\n<h3>Haftungsausschluss und Hinweise<\/h3>\n<p>Wir bem\u00fchen uns, auf dieser Website richtige und vollst\u00e4ndige Informationen zur Verf\u00fcgung zu stellen. Wir \u00fcbernehmen jedoch keine Haftung oder Garantie f\u00fcr die Aktualit\u00e4t, Richtigkeit und Vollst\u00e4ndigkeit der bereitgestellten Informationen. Wir behalten uns das Recht vor, ohne vorherige Ank\u00fcndigung \u00c4nderungen oder Erg\u00e4nzungen der bereitgestellten Informationen vorzunehmen.<\/p>\n<h3>Verweise und Links<\/h3>\n<p>Trotz sorgf\u00e4ltiger inhaltlicher Kontrolle \u00fcbernehmen wir keine Haftung f\u00fcr die Inhalte externer Links. F\u00fcr den Inhalt der verlinkten Seiten sind ausschlie\u00dflich deren Betreiber verantwortlich. Wir distanzieren uns ausdr\u00fccklich von der zum Ausdruck gebrachten Meinung auf diesen Seiten, da diese nicht in jedem Fall unserer Meinung entsprechen kann.<\/p>\n<h3>Rechtsg\u00fcltigkeit<\/h3>\n<p>Sollten Teile oder einzelne Formulierungen des hier ver\u00f6ffentlichten Textes nicht, nicht mehr oder nicht vollkommen den geltenden gesetzlichen Bestimmungen entsprechen, so \u00e4ndert sich die G\u00fcltigkeit des restlichen Textes nicht. Evtl. Streitigkeiten werden an unserem Gerichtssitz entschieden.<\/p>\n<\/div><div class=\"fusion-clearfix\"><\/div><\/div><\/div><\/div><\/div>\n","protected":false},"excerpt":{"rendered":"","protected":false},"author":1,"featured_media":0,"parent":0,"menu_order":0,"comment_status":"closed","ping_status":"closed","template":"","meta":{"footnotes":""},"class_list":["post-1777","page","type-page","status-publish","hentry"],"_links":{"self":[{"href":"https:\/\/www.sattlerei-oberhauser.it\/it\/wp-json\/wp\/v2\/pages\/1777","targetHints":{"allow":["GET"]}}],"collection":[{"href":"https:\/\/www.sattlerei-oberhauser.it\/it\/wp-json\/wp\/v2\/pages"}],"about":[{"href":"https:\/\/www.sattlerei-oberhauser.it\/it\/wp-json\/wp\/v2\/types\/page"}],"author":[{"embeddable":true,"href":"https:\/\/www.sattlerei-oberhauser.it\/it\/wp-json\/wp\/v2\/users\/1"}],"replies":[{"embeddable":true,"href":"https:\/\/www.sattlerei-oberhauser.it\/it\/wp-json\/wp\/v2\/comments?post=1777"}],"version-history":[{"count":2,"href":"https:\/\/www.sattlerei-oberhauser.it\/it\/wp-json\/wp\/v2\/pages\/1777\/revisions"}],"predecessor-version":[{"id":1785,"href":"https:\/\/www.sattlerei-oberhauser.it\/it\/wp-json\/wp\/v2\/pages\/1777\/revisions\/1785"}],"wp:attachment":[{"href":"https:\/\/www.sattlerei-oberhauser.it\/it\/wp-json\/wp\/v2\/media?parent=1777"}],"curies":[{"name":"wp","href":"https:\/\/api.w.org\/{rel}","templated":true}]}}